{"id":1437,"date":"2026-03-14T14:58:14","date_gmt":"2026-03-14T06:58:14","guid":{"rendered":"http:\/\/lifengcncm.com\/?post_type=product&#038;p=1437"},"modified":"2026-03-14T14:58:14","modified_gmt":"2026-03-14T06:58:14","slug":"portable-laser-cutting-machine","status":"publish","type":"product","link":"https:\/\/lifengcncm.com\/fr\/produit\/portable-laser-cutting-machine\/","title":{"rendered":"Machine de d\u00e9coupe laser portable"},"content":{"rendered":"<p>\u2705 Principaux avantages\u00a0: Prix comp\u00e9titif, taille compacte, rapport co\u00fbt-performance \u00e9lev\u00e9 par rapport aux \u00e9quipements similaires et facilit\u00e9 de d\u00e9ploiement gr\u00e2ce \u00e0 sa structure compacte.<\/p>\n<p>\u2705Configuration laser : Utilise un laser \u00e0 fibre, avec des options de puissance de 1500W\/2000W\/3000W.<\/p>\n<p>Mat\u00e9riaux applicables : Peut couper diverses t\u00f4les m\u00e9talliques, notamment le m\u00e9tal, l'aluminium, le cuivre, l'acier inoxydable et l'acier, avec une \u00e9paisseur de coupe de 0 \u00e0 20 mm.<\/p>\n<p>\u2705Param\u00e8tres de fonctionnement\u00a0: Zone de travail 1500*3000\u00a0mm, personnalisable selon les exigences de l\u2019utilisateur.<\/p>\n<p>\u2705Syst\u00e8me de contr\u00f4le : \u00c9quip\u00e9 du syst\u00e8me de contr\u00f4le et du logiciel Shanghai Fangling, prend en charge le format graphique DXF et dispose de servomoteurs et de servopilotes pour un fonctionnement pr\u00e9cis et stable.<\/p>\n<p>\u2705Syst\u00e8me de refroidissement : Utilise un syst\u00e8me de refroidissement \u00e0 eau pour assurer un fonctionnement stable sur de longues p\u00e9riodes.<\/p>\n<p>\u2705Garantie apr\u00e8s-vente\u00a0: Fournit une garantie d\u2019un an, offrant un soutien fiable pour un fonctionnement stable de l\u2019\u00e9quipement.<\/p>","protected":false},"excerpt":{"rendered":"<p>\u2705Core Advantages: Competitive price, compact size, high cost-performance ratio compared to similar equipment, and easy to deploy due to its compact structure. \u2705Laser Configuration: Utilizes a fiber laser, with optional power options of 1500W\/2000W\/3000W. Applicable Materials: Can cut various metal sheets including metal, aluminum, copper, stainless steel, and steel, with a cutting thickness of 0-20mm. [&hellip;]<\/p>\n","protected":false},"featured_media":1338,"comment_status":"open","ping_status":"closed","template":"","meta":{"site-sidebar-layout":"default","site-content-layout":"","ast-site-content-layout":"default","site-content-style":"default","site-sidebar-style":"default","ast-global-header-display":"","ast-banner-title-visibility":"","ast-main-header-display":"","ast-hfb-above-header-display":"","ast-hfb-below-header-display":"","ast-hfb-mobile-header-display":"","site-post-title":"","ast-breadcrumbs-content":"","ast-featured-img":"","footer-sml-layout":"","ast-disable-related-posts":"","theme-transparent-header-meta":"default","adv-header-id-meta":"","stick-header-meta":"","header-above-stick-meta":"","header-main-stick-meta":"","header-below-stick-meta":"","astra-migrate-meta-layouts":"set","ast-page-background-enabled":"default","ast-page-background-meta":{"desktop":{"background-color":"","background-image":"","background-repeat":"repeat","background-position":"center center","background-size":"auto","background-attachment":"scroll","background-type":"","background-media":"","overlay-type":"","overlay-color":"","overlay-opacity":"","overlay-gradient":""},"tablet":{"background-color":"","background-image":"","background-repeat":"repeat","background-position":"center center","background-size":"auto","background-attachment":"scroll","background-type":"","background-media":"","overlay-type":"","overlay-color":"","overlay-opacity":"","overlay-gradient":""},"mobile":{"background-color":"","background-image":"","background-repeat":"repeat","background-position":"center center","background-size":"auto","background-attachment":"scroll","background-type":"","background-media":"","overlay-type":"","overlay-color":"","overlay-opacity":"","overlay-gradient":""}},"ast-content-background-meta":{"desktop":{"background-color":"var(--ast-global-color-5)","background-image":"","background-repeat":"repeat","background-position":"center center","background-size":"auto","background-attachment":"scroll","background-type":"","background-media":"","overlay-type":"","overlay-color":"","overlay-opacity":"","overlay-gradient":""},"tablet":{"background-color":"var(--ast-global-color-5)","background-image":"","background-repeat":"repeat","background-position":"center center","background-size":"auto","background-attachment":"scroll","background-type":"","background-media":"","overlay-type":"","overlay-color":"","overlay-opacity":"","overlay-gradient":""},"mobile":{"background-color":"var(--ast-global-color-5)","background-image":"","background-repeat":"repeat","background-position":"center center","background-size":"auto","background-attachment":"scroll","background-type":"","background-media":"","overlay-type":"","overlay-color":"","overlay-opacity":"","overlay-gradient":""}}},"product_brand":[],"product_cat":[28],"product_tag":[],"class_list":{"0":"post-1437","1":"product","2":"type-product","3":"status-publish","4":"has-post-thumbnail","6":"product_cat-laser-series","7":"desktop-align-left","8":"tablet-align-left","9":"mobile-align-left","11":"first","12":"instock","13":"shipping-taxable","14":"product-type-simple"},"yoast_head":"<!-- This site is optimized with the Yoast SEO Premium plugin v27.1 (Yoast SEO v27.1) - https:\/\/yoast.com\/product\/yoast-seo-premium-wordpress\/ -->\n<title>Portable laser cutting machine - LIFENG CNC<\/title>\n<meta name=\"robots\" content=\"index, follow, max-snippet:-1, max-image-preview:large, max-video-preview:-1\" \/>\n<link rel=\"canonical\" href=\"https:\/\/lifengcncm.com\/fr\/produit\/portable-laser-cutting-machine\/\" \/>\n<meta property=\"og:locale\" content=\"fr_FR\" \/>\n<meta property=\"og:type\" content=\"article\" \/>\n<meta property=\"og:title\" content=\"Portable laser cutting machine\" \/>\n<meta property=\"og:description\" content=\"\u2705Core Advantages: Competitive price, compact size, high cost-performance ratio compared to similar equipment, and easy to deploy due to its compact structure. \u2705Laser Configuration: Utilizes a fiber laser, with optional power options of 1500W\/2000W\/3000W. Applicable Materials: Can cut various metal sheets including metal, aluminum, copper, stainless steel, and steel, with a cutting thickness of 0-20mm. [&hellip;]\" \/>\n<meta property=\"og:url\" content=\"https:\/\/lifengcncm.com\/fr\/produit\/portable-laser-cutting-machine\/\" \/>\n<meta property=\"og:site_name\" content=\"LIFENG CNC\" \/>\n<meta property=\"article:publisher\" content=\"https:\/\/www.facebook.com\/LF19375143124\" \/>\n<meta property=\"og:image\" content=\"https:\/\/lifengcncm.com\/wp-content\/uploads\/2026\/03\/\u7b80\u6613\u6fc0\u5149\u5207\u5272\u673a.png\" \/>\n\t<meta property=\"og:image:width\" content=\"874\" \/>\n\t<meta property=\"og:image:height\" content=\"622\" \/>\n\t<meta property=\"og:image:type\" content=\"image\/png\" \/>\n<meta name=\"twitter:card\" content=\"summary_large_image\" \/>\n<meta name=\"twitter:label1\" content=\"Dur\u00e9e de lecture estim\u00e9e\" \/>\n\t<meta name=\"twitter:data1\" content=\"1 minute\" \/>\n<script type=\"application\/ld+json\" class=\"yoast-schema-graph\">{\"@context\":\"https:\/\/schema.org\",\"@graph\":[{\"@type\":\"WebPage\",\"@id\":\"https:\/\/lifengcncm.com\/fr\/produit\/portable-laser-cutting-machine\/\",\"url\":\"https:\/\/lifengcncm.com\/fr\/produit\/portable-laser-cutting-machine\/\",\"name\":\"Portable laser cutting machine - LIFENG CNC\",\"isPartOf\":{\"@id\":\"https:\/\/lifengcncm.com\/en\/#website\"},\"primaryImageOfPage\":{\"@id\":\"https:\/\/lifengcncm.com\/fr\/produit\/portable-laser-cutting-machine\/#primaryimage\"},\"image\":{\"@id\":\"https:\/\/lifengcncm.com\/fr\/produit\/portable-laser-cutting-machine\/#primaryimage\"},\"thumbnailUrl\":\"https:\/\/lifengcncm.com\/wp-content\/uploads\/2026\/03\/\u7b80\u6613\u6fc0\u5149\u5207\u5272\u673a.png\",\"datePublished\":\"2026-03-14T06:58:14+00:00\",\"breadcrumb\":{\"@id\":\"https:\/\/lifengcncm.com\/fr\/produit\/portable-laser-cutting-machine\/#breadcrumb\"},\"inLanguage\":\"fr-FR\",\"potentialAction\":[{\"@type\":\"ReadAction\",\"target\":[\"https:\/\/lifengcncm.com\/fr\/produit\/portable-laser-cutting-machine\/\"]}]},{\"@type\":\"ImageObject\",\"inLanguage\":\"fr-FR\",\"@id\":\"https:\/\/lifengcncm.com\/fr\/produit\/portable-laser-cutting-machine\/#primaryimage\",\"url\":\"https:\/\/lifengcncm.com\/wp-content\/uploads\/2026\/03\/\u7b80\u6613\u6fc0\u5149\u5207\u5272\u673a.png\",\"contentUrl\":\"https:\/\/lifengcncm.com\/wp-content\/uploads\/2026\/03\/\u7b80\u6613\u6fc0\u5149\u5207\u5272\u673a.png\",\"width\":874,\"height\":622,\"caption\":\"\u7b80\u6613\u6fc0\u5149\u5207\u5272\u673a\"},{\"@type\":\"BreadcrumbList\",\"@id\":\"https:\/\/lifengcncm.com\/fr\/produit\/portable-laser-cutting-machine\/#breadcrumb\",\"itemListElement\":[{\"@type\":\"ListItem\",\"position\":1,\"name\":\"\u9996\u9875\",\"item\":\"https:\/\/lifengcncm.com\/en\/\"},{\"@type\":\"ListItem\",\"position\":2,\"name\":\"PRODUCTS\",\"item\":\"http:\/\/lifengcncm.com\/fr\/products\/\"},{\"@type\":\"ListItem\",\"position\":3,\"name\":\"Portable laser cutting machine\"}]},{\"@type\":\"WebSite\",\"@id\":\"https:\/\/lifengcncm.com\/en\/#website\",\"url\":\"https:\/\/lifengcncm.com\/en\/\",\"name\":\"LIFENG CNC\",\"description\":\"\",\"publisher\":{\"@id\":\"https:\/\/lifengcncm.com\/en\/#organization\"},\"potentialAction\":[{\"@type\":\"SearchAction\",\"target\":{\"@type\":\"EntryPoint\",\"urlTemplate\":\"https:\/\/lifengcncm.com\/en\/?s={search_term_string}\"},\"query-input\":{\"@type\":\"PropertyValueSpecification\",\"valueRequired\":true,\"valueName\":\"search_term_string\"}}],\"inLanguage\":\"fr-FR\"},{\"@type\":\"Organization\",\"@id\":\"https:\/\/lifengcncm.com\/en\/#organization\",\"name\":\"LIFENG CNC\",\"url\":\"https:\/\/lifengcncm.com\/en\/\",\"logo\":{\"@type\":\"ImageObject\",\"inLanguage\":\"fr-FR\",\"@id\":\"https:\/\/lifengcncm.com\/en\/#\/schema\/logo\/image\/\",\"url\":\"https:\/\/lifengcncm.com\/wp-content\/uploads\/2026\/03\/cropped-logo-1.png\",\"contentUrl\":\"https:\/\/lifengcncm.com\/wp-content\/uploads\/2026\/03\/cropped-logo-1.png\",\"width\":512,\"height\":512,\"caption\":\"LIFENG CNC\"},\"image\":{\"@id\":\"https:\/\/lifengcncm.com\/en\/#\/schema\/logo\/image\/\"},\"sameAs\":[\"https:\/\/www.facebook.com\/LF19375143124\"]}]}<\/script>\n<!-- \/ Yoast SEO Premium plugin. -->","yoast_head_json":{"title":"Portable laser cutting machine - LIFENG CNC","robots":{"index":"index","follow":"follow","max-snippet":"max-snippet:-1","max-image-preview":"max-image-preview:large","max-video-preview":"max-video-preview:-1"},"canonical":"https:\/\/lifengcncm.com\/fr\/produit\/portable-laser-cutting-machine\/","og_locale":"fr_FR","og_type":"article","og_title":"Portable laser cutting machine","og_description":"\u2705Core Advantages: Competitive price, compact size, high cost-performance ratio compared to similar equipment, and easy to deploy due to its compact structure. \u2705Laser Configuration: Utilizes a fiber laser, with optional power options of 1500W\/2000W\/3000W. Applicable Materials: Can cut various metal sheets including metal, aluminum, copper, stainless steel, and steel, with a cutting thickness of 0-20mm. [&hellip;]","og_url":"https:\/\/lifengcncm.com\/fr\/produit\/portable-laser-cutting-machine\/","og_site_name":"LIFENG CNC","article_publisher":"https:\/\/www.facebook.com\/LF19375143124","og_image":[{"width":874,"height":622,"url":"https:\/\/lifengcncm.com\/wp-content\/uploads\/2026\/03\/\u7b80\u6613\u6fc0\u5149\u5207\u5272\u673a.png","type":"image\/png"}],"twitter_card":"summary_large_image","twitter_misc":{"Dur\u00e9e de lecture estim\u00e9e":"1 minute"},"schema":{"@context":"https:\/\/schema.org","@graph":[{"@type":"WebPage","@id":"https:\/\/lifengcncm.com\/fr\/produit\/portable-laser-cutting-machine\/","url":"https:\/\/lifengcncm.com\/fr\/produit\/portable-laser-cutting-machine\/","name":"Portable laser cutting machine - LIFENG CNC","isPartOf":{"@id":"https:\/\/lifengcncm.com\/en\/#website"},"primaryImageOfPage":{"@id":"https:\/\/lifengcncm.com\/fr\/produit\/portable-laser-cutting-machine\/#primaryimage"},"image":{"@id":"https:\/\/lifengcncm.com\/fr\/produit\/portable-laser-cutting-machine\/#primaryimage"},"thumbnailUrl":"https:\/\/lifengcncm.com\/wp-content\/uploads\/2026\/03\/\u7b80\u6613\u6fc0\u5149\u5207\u5272\u673a.png","datePublished":"2026-03-14T06:58:14+00:00","breadcrumb":{"@id":"https:\/\/lifengcncm.com\/fr\/produit\/portable-laser-cutting-machine\/#breadcrumb"},"inLanguage":"fr-FR","potentialAction":[{"@type":"ReadAction","target":["https:\/\/lifengcncm.com\/fr\/produit\/portable-laser-cutting-machine\/"]}]},{"@type":"ImageObject","inLanguage":"fr-FR","@id":"https:\/\/lifengcncm.com\/fr\/produit\/portable-laser-cutting-machine\/#primaryimage","url":"https:\/\/lifengcncm.com\/wp-content\/uploads\/2026\/03\/\u7b80\u6613\u6fc0\u5149\u5207\u5272\u673a.png","contentUrl":"https:\/\/lifengcncm.com\/wp-content\/uploads\/2026\/03\/\u7b80\u6613\u6fc0\u5149\u5207\u5272\u673a.png","width":874,"height":622,"caption":"\u7b80\u6613\u6fc0\u5149\u5207\u5272\u673a"},{"@type":"BreadcrumbList","@id":"https:\/\/lifengcncm.com\/fr\/produit\/portable-laser-cutting-machine\/#breadcrumb","itemListElement":[{"@type":"ListItem","position":1,"name":"\u9996\u9875","item":"https:\/\/lifengcncm.com\/en\/"},{"@type":"ListItem","position":2,"name":"PRODUCTS","item":"http:\/\/lifengcncm.com\/fr\/products\/"},{"@type":"ListItem","position":3,"name":"Portable laser cutting machine"}]},{"@type":"WebSite","@id":"https:\/\/lifengcncm.com\/en\/#website","url":"https:\/\/lifengcncm.com\/en\/","name":"LIFENG CNC","description":"","publisher":{"@id":"https:\/\/lifengcncm.com\/en\/#organization"},"potentialAction":[{"@type":"SearchAction","target":{"@type":"EntryPoint","urlTemplate":"https:\/\/lifengcncm.com\/en\/?s={search_term_string}"},"query-input":{"@type":"PropertyValueSpecification","valueRequired":true,"valueName":"search_term_string"}}],"inLanguage":"fr-FR"},{"@type":"Organization","@id":"https:\/\/lifengcncm.com\/en\/#organization","name":"LIFENG CNC","url":"https:\/\/lifengcncm.com\/en\/","logo":{"@type":"ImageObject","inLanguage":"fr-FR","@id":"https:\/\/lifengcncm.com\/en\/#\/schema\/logo\/image\/","url":"https:\/\/lifengcncm.com\/wp-content\/uploads\/2026\/03\/cropped-logo-1.png","contentUrl":"https:\/\/lifengcncm.com\/wp-content\/uploads\/2026\/03\/cropped-logo-1.png","width":512,"height":512,"caption":"LIFENG CNC"},"image":{"@id":"https:\/\/lifengcncm.com\/en\/#\/schema\/logo\/image\/"},"sameAs":["https:\/\/www.facebook.com\/LF19375143124"]}]}},"_links":{"self":[{"href":"https:\/\/lifengcncm.com\/fr\/wp-json\/wp\/v2\/product\/1437","targetHints":{"allow":["GET"]}}],"collection":[{"href":"https:\/\/lifengcncm.com\/fr\/wp-json\/wp\/v2\/product"}],"about":[{"href":"https:\/\/lifengcncm.com\/fr\/wp-json\/wp\/v2\/types\/product"}],"replies":[{"embeddable":true,"href":"https:\/\/lifengcncm.com\/fr\/wp-json\/wp\/v2\/comments?post=1437"}],"wp:featuredmedia":[{"embeddable":true,"href":"https:\/\/lifengcncm.com\/fr\/wp-json\/wp\/v2\/media\/1338"}],"wp:attachment":[{"href":"https:\/\/lifengcncm.com\/fr\/wp-json\/wp\/v2\/media?parent=1437"}],"wp:term":[{"taxonomy":"product_brand","embeddable":true,"href":"https:\/\/lifengcncm.com\/fr\/wp-json\/wp\/v2\/product_brand?post=1437"},{"taxonomy":"product_cat","embeddable":true,"href":"https:\/\/lifengcncm.com\/fr\/wp-json\/wp\/v2\/product_cat?post=1437"},{"taxonomy":"product_tag","embeddable":true,"href":"https:\/\/lifengcncm.com\/fr\/wp-json\/wp\/v2\/product_tag?post=1437"}],"curies":[{"name":"wp","href":"https:\/\/api.w.org\/{rel}","templated":true}]}}