{"id":1443,"date":"2026-03-14T15:22:02","date_gmt":"2026-03-14T07:22:02","guid":{"rendered":"http:\/\/lifengcncm.com\/?post_type=product&#038;p=1443"},"modified":"2026-03-14T15:22:02","modified_gmt":"2026-03-14T07:22:02","slug":"laser-air-cooled-welding-machine","status":"publish","type":"product","link":"https:\/\/lifengcncm.com\/pt\/produto\/laser-air-cooled-welding-machine\/","title":{"rendered":"M\u00e1quina de soldagem a laser refrigerada a ar"},"content":{"rendered":"<p>\u2705F\u00e1cil de operar: Sua principal vantagem reside na simplicidade de opera\u00e7\u00e3o. O design port\u00e1til permite opera\u00e7\u00f5es de soldagem r\u00e1pidas sem a necessidade de treinamento complexo, facilitando o dom\u00ednio at\u00e9 mesmo para iniciantes.<\/p>\n<p>\u2705Capacidade de soldagem vers\u00e1til: Pode soldar uma variedade de metais e ligas, incluindo a\u00e7o inoxid\u00e1vel, alum\u00ednio, a\u00e7o carbono, cobre, a\u00e7o, substratos de tit\u00e2nio e lat\u00e3o, abrangendo a maioria dos cen\u00e1rios de soldagem de metais.<\/p>\n<p>\u2705Soldagem altamente eficiente e est\u00e1vel: Utilizando um laser de fibra, oferece soldagem cont\u00ednua a velocidades de 10 a 30 mm\/s, proporcionando maior precis\u00e3o e melhores resultados de soldagem.<\/p>\n<p>\u2705Design port\u00e1til e com refrigera\u00e7\u00e3o a ar: O corpo leve de 42 kg, combinado com um sistema interno de refrigera\u00e7\u00e3o a ar, elimina a necessidade de um chiller de \u00e1gua externo, permitindo uma implanta\u00e7\u00e3o flex\u00edvel e sendo adequado para opera\u00e7\u00f5es no local.<\/p>\n<p>\u2705Adapta\u00e7\u00e3o para opera\u00e7\u00e3o a longa dist\u00e2ncia: Com um comprimento m\u00e1ximo de fibra \u00f3ptica de at\u00e9 30 m, permite soldagem a longa dist\u00e2ncia, atendendo \u00e0s necessidades de condi\u00e7\u00f5es de trabalho complexas e processamento de pe\u00e7as de grande porte.<\/p>\n<p>\u2705Suporte p\u00f3s-venda completo: Oferecemos um ano de garantia e uma equipe profissional que assegura o funcionamento est\u00e1vel do equipamento.<\/p>","protected":false},"excerpt":{"rendered":"<p>\u2705Easy to Operate: Its core advantage lies in its simple operation. The handheld design allows for rapid welding operations without complex training, making it easy for beginners to master. \u2705Versatile Welding Capability: It can weld a variety of metals and alloys, including stainless steel, aluminum, carbon steel, copper, steel, titanium substrates, and brass, covering most [&hellip;]<\/p>\n","protected":false},"featured_media":1444,"comment_status":"open","ping_status":"closed","template":"","meta":{"site-sidebar-layout":"default","site-content-layout":"","ast-site-content-layout":"default","site-content-style":"default","site-sidebar-style":"default","ast-global-header-display":"","ast-banner-title-visibility":"","ast-main-header-display":"","ast-hfb-above-header-display":"","ast-hfb-below-header-display":"","ast-hfb-mobile-header-display":"","site-post-title":"","ast-breadcrumbs-content":"","ast-featured-img":"","footer-sml-layout":"","ast-disable-related-posts":"","theme-transparent-header-meta":"default","adv-header-id-meta":"","stick-header-meta":"","header-above-stick-meta":"","header-main-stick-meta":"","header-below-stick-meta":"","astra-migrate-meta-layouts":"set","ast-page-background-enabled":"default","ast-page-background-meta":{"desktop":{"background-color":"","background-image":"","background-repeat":"repeat","background-position":"center center","background-size":"auto","background-attachment":"scroll","background-type":"","background-media":"","overlay-type":"","overlay-color":"","overlay-opacity":"","overlay-gradient":""},"tablet":{"background-color":"","background-image":"","background-repeat":"repeat","background-position":"center center","background-size":"auto","background-attachment":"scroll","background-type":"","background-media":"","overlay-type":"","overlay-color":"","overlay-opacity":"","overlay-gradient":""},"mobile":{"background-color":"","background-image":"","background-repeat":"repeat","background-position":"center center","background-size":"auto","background-attachment":"scroll","background-type":"","background-media":"","overlay-type":"","overlay-color":"","overlay-opacity":"","overlay-gradient":""}},"ast-content-background-meta":{"desktop":{"background-color":"var(--ast-global-color-5)","background-image":"","background-repeat":"repeat","background-position":"center center","background-size":"auto","background-attachment":"scroll","background-type":"","background-media":"","overlay-type":"","overlay-color":"","overlay-opacity":"","overlay-gradient":""},"tablet":{"background-color":"var(--ast-global-color-5)","background-image":"","background-repeat":"repeat","background-position":"center center","background-size":"auto","background-attachment":"scroll","background-type":"","background-media":"","overlay-type":"","overlay-color":"","overlay-opacity":"","overlay-gradient":""},"mobile":{"background-color":"var(--ast-global-color-5)","background-image":"","background-repeat":"repeat","background-position":"center center","background-size":"auto","background-attachment":"scroll","background-type":"","background-media":"","overlay-type":"","overlay-color":"","overlay-opacity":"","overlay-gradient":""}}},"product_brand":[],"product_cat":[28],"product_tag":[],"class_list":{"0":"post-1443","1":"product","2":"type-product","3":"status-publish","4":"has-post-thumbnail","6":"product_cat-laser-series","7":"desktop-align-left","8":"tablet-align-left","9":"mobile-align-left","11":"first","12":"instock","13":"shipping-taxable","14":"product-type-simple"},"yoast_head":"<!-- This site is optimized with the Yoast SEO Premium plugin v27.1 (Yoast SEO v27.1) - https:\/\/yoast.com\/product\/yoast-seo-premium-wordpress\/ -->\n<title>Laser air-cooled welding machine - LIFENG CNC<\/title>\n<meta name=\"robots\" content=\"index, follow, max-snippet:-1, max-image-preview:large, max-video-preview:-1\" \/>\n<link rel=\"canonical\" href=\"https:\/\/lifengcncm.com\/pt\/produit\/laser-air-cooled-welding-machine\/\" \/>\n<meta property=\"og:locale\" content=\"pt_BR\" \/>\n<meta property=\"og:type\" content=\"article\" \/>\n<meta property=\"og:title\" content=\"Laser air-cooled welding machine\" \/>\n<meta property=\"og:description\" content=\"\u2705Easy to Operate: Its core advantage lies in its simple operation. The handheld design allows for rapid welding operations without complex training, making it easy for beginners to master. \u2705Versatile Welding Capability: It can weld a variety of metals and alloys, including stainless steel, aluminum, carbon steel, copper, steel, titanium substrates, and brass, covering most [&hellip;]\" \/>\n<meta property=\"og:url\" content=\"https:\/\/lifengcncm.com\/pt\/produit\/laser-air-cooled-welding-machine\/\" \/>\n<meta property=\"og:site_name\" content=\"LIFENG CNC\" \/>\n<meta property=\"article:publisher\" content=\"https:\/\/www.facebook.com\/LF19375143124\" \/>\n<meta property=\"og:image\" content=\"https:\/\/lifengcncm.com\/wp-content\/uploads\/2026\/03\/\u98ce\u51b7\u6fc0\u5149\u710a\u63a5\u673a.png\" \/>\n\t<meta property=\"og:image:width\" content=\"1417\" \/>\n\t<meta property=\"og:image:height\" content=\"1280\" \/>\n\t<meta property=\"og:image:type\" content=\"image\/png\" \/>\n<meta name=\"twitter:card\" content=\"summary_large_image\" \/>\n<meta name=\"twitter:label1\" content=\"Est. tempo de leitura\" \/>\n\t<meta name=\"twitter:data1\" content=\"1 minuto\" \/>\n<script type=\"application\/ld+json\" class=\"yoast-schema-graph\">{\"@context\":\"https:\/\/schema.org\",\"@graph\":[{\"@type\":\"WebPage\",\"@id\":\"https:\/\/lifengcncm.com\/fr\/produit\/laser-air-cooled-welding-machine\/\",\"url\":\"https:\/\/lifengcncm.com\/fr\/produit\/laser-air-cooled-welding-machine\/\",\"name\":\"Laser air-cooled welding machine - LIFENG CNC\",\"isPartOf\":{\"@id\":\"http:\/\/lifengcncm.com\/en\/#website\"},\"primaryImageOfPage\":{\"@id\":\"https:\/\/lifengcncm.com\/fr\/produit\/laser-air-cooled-welding-machine\/#primaryimage\"},\"image\":{\"@id\":\"https:\/\/lifengcncm.com\/fr\/produit\/laser-air-cooled-welding-machine\/#primaryimage\"},\"thumbnailUrl\":\"https:\/\/lifengcncm.com\/wp-content\/uploads\/2026\/03\/\u98ce\u51b7\u6fc0\u5149\u710a\u63a5\u673a.png\",\"datePublished\":\"2026-03-14T07:22:02+00:00\",\"breadcrumb\":{\"@id\":\"https:\/\/lifengcncm.com\/fr\/produit\/laser-air-cooled-welding-machine\/#breadcrumb\"},\"inLanguage\":\"pt-BR\",\"potentialAction\":[{\"@type\":\"ReadAction\",\"target\":[\"https:\/\/lifengcncm.com\/fr\/produit\/laser-air-cooled-welding-machine\/\"]}]},{\"@type\":\"ImageObject\",\"inLanguage\":\"pt-BR\",\"@id\":\"https:\/\/lifengcncm.com\/fr\/produit\/laser-air-cooled-welding-machine\/#primaryimage\",\"url\":\"https:\/\/lifengcncm.com\/wp-content\/uploads\/2026\/03\/\u98ce\u51b7\u6fc0\u5149\u710a\u63a5\u673a.png\",\"contentUrl\":\"https:\/\/lifengcncm.com\/wp-content\/uploads\/2026\/03\/\u98ce\u51b7\u6fc0\u5149\u710a\u63a5\u673a.png\",\"width\":1417,\"height\":1280,\"caption\":\"laser air cooled welding machine\"},{\"@type\":\"BreadcrumbList\",\"@id\":\"https:\/\/lifengcncm.com\/fr\/produit\/laser-air-cooled-welding-machine\/#breadcrumb\",\"itemListElement\":[{\"@type\":\"ListItem\",\"position\":1,\"name\":\"\u9996\u9875\",\"item\":\"http:\/\/lifengcncm.com\/en\/\"},{\"@type\":\"ListItem\",\"position\":2,\"name\":\"PRODUCTS\",\"item\":\"https:\/\/lifengcncm.com\/fr\/products\/\"},{\"@type\":\"ListItem\",\"position\":3,\"name\":\"Laser air-cooled welding machine\"}]},{\"@type\":\"WebSite\",\"@id\":\"http:\/\/lifengcncm.com\/en\/#website\",\"url\":\"http:\/\/lifengcncm.com\/en\/\",\"name\":\"LIFENG CNC\",\"description\":\"\",\"publisher\":{\"@id\":\"http:\/\/lifengcncm.com\/en\/#organization\"},\"potentialAction\":[{\"@type\":\"SearchAction\",\"target\":{\"@type\":\"EntryPoint\",\"urlTemplate\":\"http:\/\/lifengcncm.com\/en\/?s={search_term_string}\"},\"query-input\":{\"@type\":\"PropertyValueSpecification\",\"valueRequired\":true,\"valueName\":\"search_term_string\"}}],\"inLanguage\":\"pt-BR\"},{\"@type\":\"Organization\",\"@id\":\"http:\/\/lifengcncm.com\/en\/#organization\",\"name\":\"LIFENG CNC\",\"url\":\"http:\/\/lifengcncm.com\/en\/\",\"logo\":{\"@type\":\"ImageObject\",\"inLanguage\":\"pt-BR\",\"@id\":\"http:\/\/lifengcncm.com\/en\/#\/schema\/logo\/image\/\",\"url\":\"https:\/\/lifengcncm.com\/wp-content\/uploads\/2026\/03\/cropped-logo-1.png\",\"contentUrl\":\"https:\/\/lifengcncm.com\/wp-content\/uploads\/2026\/03\/cropped-logo-1.png\",\"width\":512,\"height\":512,\"caption\":\"LIFENG CNC\"},\"image\":{\"@id\":\"http:\/\/lifengcncm.com\/en\/#\/schema\/logo\/image\/\"},\"sameAs\":[\"https:\/\/www.facebook.com\/LF19375143124\"]}]}<\/script>\n<!-- \/ Yoast SEO Premium plugin. -->","yoast_head_json":{"title":"Laser air-cooled welding machine - LIFENG CNC","robots":{"index":"index","follow":"follow","max-snippet":"max-snippet:-1","max-image-preview":"max-image-preview:large","max-video-preview":"max-video-preview:-1"},"canonical":"https:\/\/lifengcncm.com\/pt\/produit\/laser-air-cooled-welding-machine\/","og_locale":"pt_BR","og_type":"article","og_title":"Laser air-cooled welding machine","og_description":"\u2705Easy to Operate: Its core advantage lies in its simple operation. The handheld design allows for rapid welding operations without complex training, making it easy for beginners to master. \u2705Versatile Welding Capability: It can weld a variety of metals and alloys, including stainless steel, aluminum, carbon steel, copper, steel, titanium substrates, and brass, covering most [&hellip;]","og_url":"https:\/\/lifengcncm.com\/pt\/produit\/laser-air-cooled-welding-machine\/","og_site_name":"LIFENG CNC","article_publisher":"https:\/\/www.facebook.com\/LF19375143124","og_image":[{"width":1417,"height":1280,"url":"https:\/\/lifengcncm.com\/wp-content\/uploads\/2026\/03\/\u98ce\u51b7\u6fc0\u5149\u710a\u63a5\u673a.png","type":"image\/png"}],"twitter_card":"summary_large_image","twitter_misc":{"Est. tempo de leitura":"1 minuto"},"schema":{"@context":"https:\/\/schema.org","@graph":[{"@type":"WebPage","@id":"https:\/\/lifengcncm.com\/fr\/produit\/laser-air-cooled-welding-machine\/","url":"https:\/\/lifengcncm.com\/fr\/produit\/laser-air-cooled-welding-machine\/","name":"Laser air-cooled welding machine - LIFENG CNC","isPartOf":{"@id":"http:\/\/lifengcncm.com\/en\/#website"},"primaryImageOfPage":{"@id":"https:\/\/lifengcncm.com\/fr\/produit\/laser-air-cooled-welding-machine\/#primaryimage"},"image":{"@id":"https:\/\/lifengcncm.com\/fr\/produit\/laser-air-cooled-welding-machine\/#primaryimage"},"thumbnailUrl":"https:\/\/lifengcncm.com\/wp-content\/uploads\/2026\/03\/\u98ce\u51b7\u6fc0\u5149\u710a\u63a5\u673a.png","datePublished":"2026-03-14T07:22:02+00:00","breadcrumb":{"@id":"https:\/\/lifengcncm.com\/fr\/produit\/laser-air-cooled-welding-machine\/#breadcrumb"},"inLanguage":"pt-BR","potentialAction":[{"@type":"ReadAction","target":["https:\/\/lifengcncm.com\/fr\/produit\/laser-air-cooled-welding-machine\/"]}]},{"@type":"ImageObject","inLanguage":"pt-BR","@id":"https:\/\/lifengcncm.com\/fr\/produit\/laser-air-cooled-welding-machine\/#primaryimage","url":"https:\/\/lifengcncm.com\/wp-content\/uploads\/2026\/03\/\u98ce\u51b7\u6fc0\u5149\u710a\u63a5\u673a.png","contentUrl":"https:\/\/lifengcncm.com\/wp-content\/uploads\/2026\/03\/\u98ce\u51b7\u6fc0\u5149\u710a\u63a5\u673a.png","width":1417,"height":1280,"caption":"laser air cooled welding machine"},{"@type":"BreadcrumbList","@id":"https:\/\/lifengcncm.com\/fr\/produit\/laser-air-cooled-welding-machine\/#breadcrumb","itemListElement":[{"@type":"ListItem","position":1,"name":"\u9996\u9875","item":"http:\/\/lifengcncm.com\/en\/"},{"@type":"ListItem","position":2,"name":"PRODUCTS","item":"https:\/\/lifengcncm.com\/fr\/products\/"},{"@type":"ListItem","position":3,"name":"Laser air-cooled welding machine"}]},{"@type":"WebSite","@id":"http:\/\/lifengcncm.com\/en\/#website","url":"http:\/\/lifengcncm.com\/en\/","name":"LIFENG CNC","description":"","publisher":{"@id":"http:\/\/lifengcncm.com\/en\/#organization"},"potentialAction":[{"@type":"SearchAction","target":{"@type":"EntryPoint","urlTemplate":"http:\/\/lifengcncm.com\/en\/?s={search_term_string}"},"query-input":{"@type":"PropertyValueSpecification","valueRequired":true,"valueName":"search_term_string"}}],"inLanguage":"pt-BR"},{"@type":"Organization","@id":"http:\/\/lifengcncm.com\/en\/#organization","name":"LIFENG CNC","url":"http:\/\/lifengcncm.com\/en\/","logo":{"@type":"ImageObject","inLanguage":"pt-BR","@id":"http:\/\/lifengcncm.com\/en\/#\/schema\/logo\/image\/","url":"https:\/\/lifengcncm.com\/wp-content\/uploads\/2026\/03\/cropped-logo-1.png","contentUrl":"https:\/\/lifengcncm.com\/wp-content\/uploads\/2026\/03\/cropped-logo-1.png","width":512,"height":512,"caption":"LIFENG CNC"},"image":{"@id":"http:\/\/lifengcncm.com\/en\/#\/schema\/logo\/image\/"},"sameAs":["https:\/\/www.facebook.com\/LF19375143124"]}]}},"_links":{"self":[{"href":"https:\/\/lifengcncm.com\/pt\/wp-json\/wp\/v2\/product\/1443","targetHints":{"allow":["GET"]}}],"collection":[{"href":"https:\/\/lifengcncm.com\/pt\/wp-json\/wp\/v2\/product"}],"about":[{"href":"https:\/\/lifengcncm.com\/pt\/wp-json\/wp\/v2\/types\/product"}],"replies":[{"embeddable":true,"href":"https:\/\/lifengcncm.com\/pt\/wp-json\/wp\/v2\/comments?post=1443"}],"wp:featuredmedia":[{"embeddable":true,"href":"https:\/\/lifengcncm.com\/pt\/wp-json\/wp\/v2\/media\/1444"}],"wp:attachment":[{"href":"https:\/\/lifengcncm.com\/pt\/wp-json\/wp\/v2\/media?parent=1443"}],"wp:term":[{"taxonomy":"product_brand","embeddable":true,"href":"https:\/\/lifengcncm.com\/pt\/wp-json\/wp\/v2\/product_brand?post=1443"},{"taxonomy":"product_cat","embeddable":true,"href":"https:\/\/lifengcncm.com\/pt\/wp-json\/wp\/v2\/product_cat?post=1443"},{"taxonomy":"product_tag","embeddable":true,"href":"https:\/\/lifengcncm.com\/pt\/wp-json\/wp\/v2\/product_tag?post=1443"}],"curies":[{"name":"wp","href":"https:\/\/api.w.org\/{rel}","templated":true}]}}